{"id":6400,"date":"2020-06-12T10:47:10","date_gmt":"2020-06-12T10:47:10","guid":{"rendered":"https:\/\/apigroup.com.tr\/?page_id=6400"},"modified":"2025-05-13T18:15:19","modified_gmt":"2025-05-13T18:15:19","slug":"business-areas","status":"publish","type":"page","link":"https:\/\/apigroup.com.tr\/tr\/business-areas\/","title":{"rendered":"Faaliyet Alanlar\u0131m\u0131z"},"content":{"rendered":"<div id=\"fws_69dd439240d5b\"  data-column-margin=\"20px\" data-midnight=\"dark\"  class=\"wpb_row vc_row-fluid vc_row full-width-section vc_row-o-equal-height vc_row-flex vc_row-o-content-middle\"  style=\"padding-top: 0px; padding-bottom: 60px; \"><div class=\"row-bg-wrap\" data-bg-animation=\"none\" data-bg-animation-delay=\"\" data-bg-overlay=\"false\"><div class=\"inner-wrap row-bg-layer\" ><div class=\"row-bg viewport-desktop\"  style=\"\"><\/div><\/div><\/div><div class=\"row_col_wrap_12 col span_12 dark left\">\n\t<div  class=\"vc_col-sm-6 wpb_column column_container vc_column_container col padding-2-percent inherit_tablet inherit_phone\"  data-padding-pos=\"all\" data-has-bg-color=\"false\" data-bg-color=\"\" data-bg-opacity=\"1\" data-animation=\"\" data-delay=\"0\" >\n\t\t<div class=\"vc_column-inner\" >\n\t\t\t<div class=\"wpb_wrapper\">\n\t\t\t\t<div id=\"fws_69dd43924115d\" data-midnight=\"\" data-column-margin=\"none\" class=\"wpb_row vc_row-fluid vc_row inner_row vc_row-o-content-middle\"  style=\"\"><div class=\"row-bg-wrap\"> <div class=\"row-bg\" ><\/div> <\/div><div class=\"row_col_wrap_12_inner col span_12  left\">\n\t<div  class=\"vc_col-sm-12 wpb_column column_container vc_column_container col child_column no-extra-padding inherit_tablet inherit_phone\"   data-padding-pos=\"all\" data-has-bg-color=\"false\" data-bg-color=\"\" data-bg-opacity=\"1\" data-animation=\"\" data-delay=\"0\" >\n\t\t<div class=\"vc_column-inner\" >\n\t\t<div class=\"wpb_wrapper\">\n\t\t\t<div class=\"nectar-highlighted-text font_size_5vh\" data-style=\"half_text\" data-exp=\"default\" data-using-custom-color=\"true\" data-animation-delay=\"false\" data-color=\"#e01d51\" data-color-gradient=\"rgba(255,107,48,0.01)\" style=\"\"><div class=\"nectar-highlighted-text font_size_7vh instance-2\" data-style=\"half_text\" data-using-custom-color=\"true\" data-animation-delay=\"false\" data-color=\"#004fd8\" data-color-gradient=\"rgba(255,255,255,0.01)\">\n<h3>Yat\u0131r\u0131m Arac\u0131l\u0131\u011f\u0131<\/h3>\n<\/div>\n<div id=\"fws_60474334933ed\" class=\"wpb_row vc_row-fluid vc_row inner_row standard_section\" data-midnight=\"\" data-column-margin=\"default\">\n<h3 class=\"row-bg-wrap\"><\/h3>\n<\/div>\n<\/div>\n<div class=\"wpb_text_column wpb_content_element  vc_custom_1741942489521\" >\n\t<div class=\"wpb_wrapper\">\n\t\t<p><span style=\"font-weight: 400;\">T\u00fcrkiye ve uluslararas\u0131 pazarlarda y\u0131llara dayanan gayrimenkul yat\u0131r\u0131m arac\u0131l\u0131\u011f\u0131 uzmanl\u0131\u011f\u0131m\u0131zla, m\u00fc\u015fterilerimize k\u00e2rl\u0131 ve g\u00fcvenilir f\u0131rsatlar sunuyoruz. Ba\u015far\u0131 \u00f6l\u00e7\u00fct\u00fcm\u00fcz, mutlu m\u00fc\u015fterilerimizin memnuniyetidir.<\/span><\/p>\n\t<\/div>\n<\/div>\n\n\n\n\n\t\t<\/div> \n\t<\/div>\n\t<\/div> \n<\/div><\/div>\n\t\t\t<\/div> \n\t\t<\/div>\n\t<\/div> \n\n\t<div  class=\"vc_col-sm-6 wpb_column column_container vc_column_container col no-extra-padding inherit_tablet inherit_phone\"  data-padding-pos=\"all\" data-has-bg-color=\"false\" data-bg-color=\"\" data-bg-opacity=\"1\" data-animation=\"\" data-delay=\"0\" >\n\t\t<div class=\"vc_column-inner\" >\n\t\t\t<div class=\"wpb_wrapper\">\n\t\t\t\t<div class=\"img-with-aniamtion-wrap\" data-max-width=\"100%\" data-max-width-mobile=\"default\" data-border-radius=\"5px\" data-shadow=\"small_depth\" data-animation=\"none\" >\n      <div class=\"inner\">\n        <div class=\"hover-wrap\"> \n          <div class=\"hover-wrap-inner\">\n            <img loading=\"lazy\" decoding=\"async\" class=\"img-with-animation skip-lazy\" data-delay=\"0\" height=\"880\" width=\"1536\" data-animation=\"none\" src=\"https:\/\/apigroup.com.tr\/wp-content\/uploads\/2022\/03\/api-group-api-investment-real-estate.jpg\" alt=\"\" srcset=\"https:\/\/apigroup.com.tr\/wp-content\/uploads\/2022\/03\/api-group-api-investment-real-estate.jpg 1536w, https:\/\/apigroup.com.tr\/wp-content\/uploads\/2022\/03\/api-group-api-investment-real-estate-300x172.jpg 300w, https:\/\/apigroup.com.tr\/wp-content\/uploads\/2022\/03\/api-group-api-investment-real-estate-1024x587.jpg 1024w, https:\/\/apigroup.com.tr\/wp-content\/uploads\/2022\/03\/api-group-api-investment-real-estate-768x440.jpg 768w\" sizes=\"auto, (max-width: 1536px) 100vw, 1536px\" \/>\n          <\/div>\n        <\/div>\n      <\/div>\n    <\/div>\n\t\t\t<\/div> \n\t\t<\/div>\n\t<\/div> \n<\/div><\/div>\n\t\t<div id=\"fws_69dd43924202d\"  data-column-margin=\"20px\" data-midnight=\"dark\"  class=\"wpb_row vc_row-fluid vc_row full-width-section vc_row-o-equal-height vc_row-flex vc_row-o-content-middle  reverse_columns_desktop\"  style=\"padding-top: 0px; padding-bottom: 60px; \"><div class=\"row-bg-wrap\" data-bg-animation=\"none\" data-bg-animation-delay=\"\" data-bg-overlay=\"false\"><div class=\"inner-wrap row-bg-layer\" ><div class=\"row-bg viewport-desktop\"  style=\"\"><\/div><\/div><\/div><div class=\"row_col_wrap_12 col span_12 dark left\">\n\t<div  class=\"vc_col-sm-6 wpb_column column_container vc_column_container col padding-2-percent inherit_tablet inherit_phone\"  data-padding-pos=\"all\" data-has-bg-color=\"false\" data-bg-color=\"\" data-bg-opacity=\"1\" data-animation=\"\" data-delay=\"0\" >\n\t\t<div class=\"vc_column-inner\" >\n\t\t\t<div class=\"wpb_wrapper\">\n\t\t\t\t<div id=\"fws_69dd439242160\" data-midnight=\"\" data-column-margin=\"none\" class=\"wpb_row vc_row-fluid vc_row inner_row vc_row-o-content-middle\"  style=\"\"><div class=\"row-bg-wrap\"> <div class=\"row-bg\" ><\/div> <\/div><div class=\"row_col_wrap_12_inner col span_12  left\">\n\t<div  class=\"vc_col-sm-12 wpb_column column_container vc_column_container col child_column no-extra-padding inherit_tablet inherit_phone\"   data-padding-pos=\"all\" data-has-bg-color=\"false\" data-bg-color=\"\" data-bg-opacity=\"1\" data-animation=\"\" data-delay=\"0\" >\n\t\t<div class=\"vc_column-inner\" >\n\t\t<div class=\"wpb_wrapper\">\n\t\t\t<div class=\"nectar-highlighted-text font_size_5vh\" data-style=\"half_text\" data-exp=\"default\" data-using-custom-color=\"true\" data-animation-delay=\"false\" data-color=\"#004fd8\" data-color-gradient=\"rgba(255,255,255,0.01)\" style=\"\"><div class=\"nectar-highlighted-text font_size_7vh instance-3\" data-style=\"half_text\" data-using-custom-color=\"true\" data-animation-delay=\"false\" data-color=\"#e01d51\" data-color-gradient=\"rgba(255,107,48,0.01)\">\n<h3>\u0130n\u015faat ve Proje Geli\u015ftirme<\/h3>\n<\/div>\n<\/div>\n<div class=\"wpb_text_column wpb_content_element  vc_custom_1741942504805\" >\n\t<div class=\"wpb_wrapper\">\n\t\t<p><span style=\"font-weight: 400;\">2007 y\u0131l\u0131ndan bu yana, T\u00fcrkiye\u2019de m\u00fc\u015fteri memnuniyetini ve \u00e7evresel s\u00fcrd\u00fcr\u00fclebilirli\u011fi \u00f6n planda tutarak bir\u00e7ok l\u00fcks ve g\u00fcvenilir projeyi hayata ge\u00e7irdik. Tamamlanan projelerdeki geli\u015ftirici deneyimimizle, yat\u0131r\u0131mc\u0131lara proje geli\u015ftirme s\u00fcrecinin her a\u015famas\u0131nda dan\u0131\u015fmanl\u0131k hizmeti sunuyoruz.<\/span><\/p>\n\t<\/div>\n<\/div>\n\n\n\n\n\t\t<\/div> \n\t<\/div>\n\t<\/div> \n<\/div><\/div>\n\t\t\t<\/div> \n\t\t<\/div>\n\t<\/div> \n\n\t<div  class=\"vc_col-sm-6 wpb_column column_container vc_column_container col no-extra-padding inherit_tablet inherit_phone\"  data-padding-pos=\"all\" data-has-bg-color=\"false\" data-bg-color=\"\" data-bg-opacity=\"1\" data-animation=\"\" data-delay=\"0\" >\n\t\t<div class=\"vc_column-inner\" >\n\t\t\t<div class=\"wpb_wrapper\">\n\t\t\t\t<div class=\"img-with-aniamtion-wrap\" data-max-width=\"100%\" data-max-width-mobile=\"default\" data-border-radius=\"5px\" data-shadow=\"small_depth\" data-animation=\"none\" >\n      <div class=\"inner\">\n        <div class=\"hover-wrap\"> \n          <div class=\"hover-wrap-inner\">\n            <img loading=\"lazy\" decoding=\"async\" class=\"img-with-animation skip-lazy\" data-delay=\"0\" height=\"800\" width=\"1200\" data-animation=\"none\" src=\"https:\/\/apigroup.com.tr\/wp-content\/uploads\/2025\/05\/api-group-Construction-Project-Development.jpg\" alt=\"\" srcset=\"https:\/\/apigroup.com.tr\/wp-content\/uploads\/2025\/05\/api-group-Construction-Project-Development.jpg 1200w, https:\/\/apigroup.com.tr\/wp-content\/uploads\/2025\/05\/api-group-Construction-Project-Development-300x200.jpg 300w, https:\/\/apigroup.com.tr\/wp-content\/uploads\/2025\/05\/api-group-Construction-Project-Development-1024x683.jpg 1024w, https:\/\/apigroup.com.tr\/wp-content\/uploads\/2025\/05\/api-group-Construction-Project-Development-768x512.jpg 768w, https:\/\/apigroup.com.tr\/wp-content\/uploads\/2025\/05\/api-group-Construction-Project-Development-18x12.jpg 18w, https:\/\/apigroup.com.tr\/wp-content\/uploads\/2025\/05\/api-group-Construction-Project-Development-900x600.jpg 900w\" sizes=\"auto, (max-width: 1200px) 100vw, 1200px\" \/>\n          <\/div>\n        <\/div>\n      <\/div>\n    <\/div>\n\t\t\t<\/div> \n\t\t<\/div>\n\t<\/div> \n<\/div><\/div>","protected":false},"excerpt":{"rendered":"Investment Brokerage With years of expertise in real estate investment brokerage in T\u00fcrkiye and international markets, we provide our clients with profitable and reliable opportunities. Our greatest measure of success...","protected":false},"author":1,"featured_media":0,"parent":0,"menu_order":0,"comment_status":"closed","ping_status":"closed","template":"","meta":{"footnotes":""},"class_list":["post-6400","page","type-page","status-publish"],"yoast_head":"<!-- This site is optimized with the Yoast SEO plugin v25.7 - https:\/\/yoast.com\/wordpress\/plugins\/seo\/ -->\n<title>Business Areas - API GROUP<\/title>\n<meta name=\"robots\" content=\"index, follow, max-snippet:-1, max-image-preview:large, max-video-preview:-1\" \/>\n<link rel=\"canonical\" href=\"https:\/\/apigroup.com.tr\/tr\/business-areas\/\" \/>\n<meta property=\"og:locale\" content=\"tr_TR\" \/>\n<meta property=\"og:type\" content=\"article\" \/>\n<meta property=\"og:title\" content=\"Business Areas - API GROUP\" \/>\n<meta property=\"og:url\" content=\"https:\/\/apigroup.com.tr\/tr\/business-areas\/\" \/>\n<meta property=\"og:site_name\" content=\"API GROUP\" \/>\n<meta property=\"article:modified_time\" content=\"2025-05-13T18:15:19+00:00\" \/>\n<meta name=\"twitter:card\" content=\"summary_large_image\" \/>\n<meta name=\"twitter:label1\" content=\"Tahmini okuma s\u00fcresi\" \/>\n\t<meta name=\"twitter:data1\" content=\"3 dakika\" \/>\n<script type=\"application\/ld+json\" class=\"yoast-schema-graph\">{\"@context\":\"https:\/\/schema.org\",\"@graph\":[{\"@type\":\"WebPage\",\"@id\":\"https:\/\/apigroup.com.tr\/business-areas\/\",\"url\":\"https:\/\/apigroup.com.tr\/business-areas\/\",\"name\":\"Business Areas - API GROUP\",\"isPartOf\":{\"@id\":\"https:\/\/apigroup.com.tr\/#website\"},\"datePublished\":\"2020-06-12T10:47:10+00:00\",\"dateModified\":\"2025-05-13T18:15:19+00:00\",\"breadcrumb\":{\"@id\":\"https:\/\/apigroup.com.tr\/business-areas\/#breadcrumb\"},\"inLanguage\":\"tr\",\"potentialAction\":[{\"@type\":\"ReadAction\",\"target\":[\"https:\/\/apigroup.com.tr\/business-areas\/\"]}]},{\"@type\":\"BreadcrumbList\",\"@id\":\"https:\/\/apigroup.com.tr\/business-areas\/#breadcrumb\",\"itemListElement\":[{\"@type\":\"ListItem\",\"position\":1,\"name\":\"Home\",\"item\":\"https:\/\/apigroup.com.tr\/\"},{\"@type\":\"ListItem\",\"position\":2,\"name\":\"Business Areas\"}]},{\"@type\":\"WebSite\",\"@id\":\"https:\/\/apigroup.com.tr\/#website\",\"url\":\"https:\/\/apigroup.com.tr\/\",\"name\":\"API GROUP\",\"description\":\"Global Vision With Local Knowledge\",\"potentialAction\":[{\"@type\":\"SearchAction\",\"target\":{\"@type\":\"EntryPoint\",\"urlTemplate\":\"https:\/\/apigroup.com.tr\/?s={search_term_string}\"},\"query-input\":{\"@type\":\"PropertyValueSpecification\",\"valueRequired\":true,\"valueName\":\"search_term_string\"}}],\"inLanguage\":\"tr\"}]}<\/script>\n<!-- \/ Yoast SEO plugin. -->","yoast_head_json":{"title":"Business Areas - API GROUP","robots":{"index":"index","follow":"follow","max-snippet":"max-snippet:-1","max-image-preview":"max-image-preview:large","max-video-preview":"max-video-preview:-1"},"canonical":"https:\/\/apigroup.com.tr\/tr\/business-areas\/","og_locale":"tr_TR","og_type":"article","og_title":"Business Areas - API GROUP","og_url":"https:\/\/apigroup.com.tr\/tr\/business-areas\/","og_site_name":"API GROUP","article_modified_time":"2025-05-13T18:15:19+00:00","twitter_card":"summary_large_image","twitter_misc":{"Tahmini okuma s\u00fcresi":"3 dakika"},"schema":{"@context":"https:\/\/schema.org","@graph":[{"@type":"WebPage","@id":"https:\/\/apigroup.com.tr\/business-areas\/","url":"https:\/\/apigroup.com.tr\/business-areas\/","name":"Business Areas - API GROUP","isPartOf":{"@id":"https:\/\/apigroup.com.tr\/#website"},"datePublished":"2020-06-12T10:47:10+00:00","dateModified":"2025-05-13T18:15:19+00:00","breadcrumb":{"@id":"https:\/\/apigroup.com.tr\/business-areas\/#breadcrumb"},"inLanguage":"tr","potentialAction":[{"@type":"ReadAction","target":["https:\/\/apigroup.com.tr\/business-areas\/"]}]},{"@type":"BreadcrumbList","@id":"https:\/\/apigroup.com.tr\/business-areas\/#breadcrumb","itemListElement":[{"@type":"ListItem","position":1,"name":"Home","item":"https:\/\/apigroup.com.tr\/"},{"@type":"ListItem","position":2,"name":"Business Areas"}]},{"@type":"WebSite","@id":"https:\/\/apigroup.com.tr\/#website","url":"https:\/\/apigroup.com.tr\/","name":"API GROUP","description":"K\u00fcresel Vizyon, Yerel Bilgi","potentialAction":[{"@type":"SearchAction","target":{"@type":"EntryPoint","urlTemplate":"https:\/\/apigroup.com.tr\/?s={search_term_string}"},"query-input":{"@type":"PropertyValueSpecification","valueRequired":true,"valueName":"search_term_string"}}],"inLanguage":"tr"}]}},"_links":{"self":[{"href":"https:\/\/apigroup.com.tr\/tr\/wp-json\/wp\/v2\/pages\/6400","targetHints":{"allow":["GET"]}}],"collection":[{"href":"https:\/\/apigroup.com.tr\/tr\/wp-json\/wp\/v2\/pages"}],"about":[{"href":"https:\/\/apigroup.com.tr\/tr\/wp-json\/wp\/v2\/types\/page"}],"author":[{"embeddable":true,"href":"https:\/\/apigroup.com.tr\/tr\/wp-json\/wp\/v2\/users\/1"}],"replies":[{"embeddable":true,"href":"https:\/\/apigroup.com.tr\/tr\/wp-json\/wp\/v2\/comments?post=6400"}],"version-history":[{"count":0,"href":"https:\/\/apigroup.com.tr\/tr\/wp-json\/wp\/v2\/pages\/6400\/revisions"}],"wp:attachment":[{"href":"https:\/\/apigroup.com.tr\/tr\/wp-json\/wp\/v2\/media?parent=6400"}],"curies":[{"name":"wp","href":"https:\/\/api.w.org\/{rel}","templated":true}]}}