{"id":5,"date":"2019-09-09T19:32:18","date_gmt":"2019-09-09T19:32:18","guid":{"rendered":"https:\/\/apigroup.com.tr\/demo\/salient-corporate-3\/?page_id=5"},"modified":"2025-03-14T16:17:32","modified_gmt":"2025-03-14T16:17:32","slug":"corporate-3-landing","status":"publish","type":"page","link":"https:\/\/apigroup.com.tr\/tr\/","title":{"rendered":"Anasayfa"},"content":{"rendered":"<div id=\"fws_69dd43686361c\"  data-column-margin=\"default\" data-midnight=\"dark\"  class=\"wpb_row vc_row-fluid vc_row full-width-content vc_row-o-equal-height vc_row-flex vc_row-o-content-top\"  style=\"padding-top: 0px; padding-bottom: 0px; \"><div class=\"row-bg-wrap\" data-bg-animation=\"none\" data-bg-animation-delay=\"\" data-bg-overlay=\"false\"><div class=\"inner-wrap row-bg-layer\" ><div class=\"row-bg viewport-desktop\"  style=\"\"><\/div><\/div><\/div><div class=\"row_col_wrap_12 col span_12 dark left\">\n\t<div  class=\"vc_col-sm-12 wpb_column column_container vc_column_container col no-extra-padding inherit_tablet inherit_phone\"  data-padding-pos=\"all\" data-has-bg-color=\"false\" data-bg-color=\"\" data-bg-opacity=\"1\" data-animation=\"\" data-delay=\"0\" >\n\t\t<div class=\"vc_column-inner\" >\n\t\t\t<div class=\"wpb_wrapper\">\n\t\t\t\t<div  data-transition=\"slide\" data-overall_style=\"classic\" data-flexible-height=\"\" data-animate-in-effect=\"fade-in\" data-fullscreen=\"false\" data-button-sizing=\"regular\" data-button-styling=\"btn_with_count\" data-autorotate=\"\" data-parallax=\"false\" data-parallax-disable-mobile=\"\" data-caption-trans=\"fade_in_from_bottom\" data-parallax-style=\"bg_only\" data-bg-animation=\"none\" data-full-width=\"false\" class=\"nectar-slider-wrap\" id=\"nectar-slider-instance-1\"><div class=\"swiper-container\"  data-tho=\"auto\" data-tco=\"auto\" data-pho=\"auto\" data-pco=\"auto\" data-loop=\"false\" data-height=\"600\" data-min-height=\"\" data-arrows=\"false\" data-bullets=\"true\" data-bullet_style=\"scale\" data-bullet_position=\"bottom\" data-desktop-swipe=\"false\" data-settings=\"\"> <div class=\"swiper-wrapper\"><\/div><div class=\"nectar-slider-loading\"> <span class=\"loading-icon none\">   <\/span> <\/div> <\/div> \n\t\t\t\t\t\n\t\t\t\t\t<\/div>\n\t\t\t<\/div> \n\t\t<\/div>\n\t<\/div> \n<\/div><\/div>\n\t\t<div id=\"fws_69dd436865e79\"  data-column-margin=\"20px\" data-midnight=\"dark\" data-top-percent=\"3%\"  class=\"wpb_row vc_row-fluid vc_row full-width-section vc_row-o-equal-height vc_row-flex vc_row-o-content-middle  top_padding_phone_3pct\"  style=\"padding-top: calc(100vw * 0.03); padding-bottom: 0px; \"><div class=\"row-bg-wrap\" data-bg-animation=\"none\" data-bg-animation-delay=\"\" data-bg-overlay=\"false\"><div class=\"inner-wrap row-bg-layer\" ><div class=\"row-bg viewport-desktop\"  style=\"\"><\/div><\/div><\/div><div class=\"nectar-shape-divider-wrap\" style=\" height:50px;\"  data-height=\"50\" data-front=\"\" data-style=\"fan\" data-position=\"bottom\" ><svg class=\"nectar-shape-divider\" aria-hidden=\"true\" fill=\"#001831\" xmlns=\"http:\/\/www.w3.org\/2000\/svg\" viewbox=\"0 0 1003.92 91\" preserveaspectratio=\"none\"> <polygon class=\"cls-1\" points=\"502.46 46.31 1 85.67 1 91.89 1002.91 91.89 1002.91 85.78 502.46 46.31\"\/><polygon class=\"cls-2\" points=\"502.46 45.8 1 0 1 91.38 1002.91 91.38 1002.91 0.1 502.46 45.8\"\/><rect class=\"cls-3\" y=\"45.81\" width=\"1003.92\" height=\"46.09\"\/>\n          <\/svg><\/div><div class=\"row_col_wrap_12 col span_12 dark left\">\n\t<div  class=\"vc_col-sm-6 wpb_column column_container vc_column_container col padding-2-percent inherit_tablet inherit_phone\"  data-padding-pos=\"top-bottom\" data-has-bg-color=\"false\" data-bg-color=\"\" data-bg-opacity=\"1\" data-animation=\"\" data-delay=\"0\" >\n\t\t<div class=\"vc_column-inner\" >\n\t\t\t<div class=\"wpb_wrapper\">\n\t\t\t\t\n<div class=\"wpb_text_column wpb_content_element  vc_custom_1648718427368\" >\n\t<div class=\"wpb_wrapper\">\n\t\t<blockquote>\n<h3>K\u00fcresel Vizyon, Yerel Bilgi<\/h3>\n<\/blockquote>\n\t<\/div>\n<\/div>\n\n\n\n\n<div class=\"wpb_text_column wpb_content_element\" >\n\t<div class=\"wpb_wrapper\">\n\t\t<p class=\"translation-block\">2007 y\u0131l\u0131nda kurulan API Group T\u00fcrkiye, istikrarl\u0131 b\u00fcy\u00fcmesini s\u00fcrd\u00fcrerek in\u015faat ve gayrimenkul sekt\u00f6rlerinde T\u00fcrkiye\u2019nin g\u00fcvenilir ve sayg\u0131n \u015firketlerinden biri haline gelmi\u015ftir.\nT\u00fcrkiye, stratejik konumu, dinamik ve gen\u00e7 n\u00fcfusu ile h\u0131zla b\u00fcy\u00fcyen ekonomisi sayesinde b\u00fcy\u00fck bir yat\u0131r\u0131m potansiyeline sahiptir. \u00dclkemiz, yat\u0131r\u0131mc\u0131lar i\u00e7in benzersiz f\u0131rsatlar sunarken, biz de yabanc\u0131 yat\u0131r\u0131mc\u0131lar\u0131 T\u00fcrkiye\u2019deki \u00f6zel projelerle bulu\u015fturman\u0131n yan\u0131 s\u0131ra, yerel yat\u0131r\u0131mc\u0131lara yurt d\u0131\u015f\u0131ndaki kazan\u00e7l\u0131 yat\u0131r\u0131m f\u0131rsatlar\u0131n\u0131 sunmaktan gurur duyuyoruz.<\/p>\n\t<\/div>\n<\/div>\n\n\n\n<div id=\"fws_69dd43686637a\" data-midnight=\"\" data-column-margin=\"default\" class=\"wpb_row vc_row-fluid vc_row inner_row\"  style=\"\"><div class=\"row-bg-wrap\"> <div class=\"row-bg\" ><\/div> <\/div><div class=\"row_col_wrap_12_inner col span_12  left\">\n\t<div  class=\"vc_col-sm-12 wpb_column column_container vc_column_container col child_column has-animation no-extra-padding inherit_tablet inherit_phone\"   data-padding-pos=\"all\" data-has-bg-color=\"false\" data-bg-color=\"\" data-bg-opacity=\"1\" data-animation=\"fade-in-from-bottom\" data-delay=\"0\" >\n\t\t<div class=\"vc_column-inner\" >\n\t\t<div class=\"wpb_wrapper\">\n\t\t\t<div class=\"nectar-cta  alignment_tablet_default alignment_phone_default display_tablet_inherit display_phone_inherit\" data-color=\"accent-color\" data-using-bg=\"true\" data-style=\"arrow-animation\" data-display=\"block\" data-alignment=\"left\" data-text-color=\"custom\" ><h6 style=\"color: #ffffff;\"><span class=\"link_wrap\" style=\"padding-top: 15px; padding-right: 35px; padding-bottom: 15px; padding-left: 35px;\"><a  class=\"link_text\" role=\"button\" href=\"https:\/\/apigroup.com.tr\/tr\/contact\/\"><span class=\"text\">\u0130leti\u015fim<\/span><svg class=\"next-arrow\" aria-hidden=\"true\" width=\"20px\" height=\"25px\" viewbox=\"0 0 50 80\" xml:space=\"preserve\">\n  <polyline stroke=\"#ffffff\" stroke-width=\"9\" fill=\"none\" stroke-linecap=\"round\" stroke-linejoin=\"round\" points=\"0, 0 45, 40 0, 80\"\/>\n  <\/svg>  <span class=\"line\"  style=\"background-color: #ffffff;\"><\/span> <\/a><\/span><\/h6><\/div><div class=\"divider-wrap\" data-alignment=\"default\"><div style=\"height: 25px;\" class=\"divider\"><\/div><\/div>\n\t\t<\/div> \n\t<\/div>\n\t<\/div> \n<\/div><\/div>\n\t\t\t<\/div> \n\t\t<\/div>\n\t<\/div> \n\n\t<div  class=\"vc_col-sm-6 wpb_column column_container vc_column_container col no-extra-padding inherit_tablet inherit_phone\"  data-padding-pos=\"all\" data-has-bg-color=\"false\" data-bg-color=\"\" data-bg-opacity=\"1\" data-animation=\"\" data-delay=\"0\" >\n\t\t<div class=\"vc_column-inner\" >\n\t\t\t<div class=\"wpb_wrapper\">\n\t\t\t\t<div id=\"fws_69dd436866ca8\" data-midnight=\"\" data-column-margin=\"default\" class=\"wpb_row vc_row-fluid vc_row inner_row\"  style=\"\"><div class=\"row-bg-wrap\"> <div class=\"row-bg\" ><\/div> <\/div><div class=\"row_col_wrap_12_inner col span_12  left\">\n\t<div  class=\"vc_col-sm-12 wpb_column column_container vc_column_container col child_column padding-3-percent inherit_tablet inherit_phone\"   data-padding-pos=\"all\" data-has-bg-color=\"false\" data-bg-color=\"\" data-bg-opacity=\"1\" data-animation=\"\" data-delay=\"0\" >\n\t\t<div class=\"vc_column-inner\" >\n\t\t<div class=\"wpb_wrapper\">\n\t\t\t<div class=\"img-with-aniamtion-wrap center\" data-max-width=\"100%\" data-max-width-mobile=\"default\" data-border-radius=\"5px\" data-shadow=\"small_depth\" data-animation=\"none\"  style=\"margin-bottom: 80px; \">\n      <div class=\"inner\">\n        <div class=\"hover-wrap\"> \n          <div class=\"hover-wrap-inner\">\n            <img loading=\"lazy\" decoding=\"async\" class=\"img-with-animation skip-lazy\" data-delay=\"0\" height=\"768\" width=\"1152\" data-animation=\"none\" src=\"https:\/\/apigroup.com.tr\/wp-content\/uploads\/2020\/06\/API-Construction-Photo-Medium.jpg\" alt=\"\" srcset=\"https:\/\/apigroup.com.tr\/wp-content\/uploads\/2020\/06\/API-Construction-Photo-Medium.jpg 1152w, https:\/\/apigroup.com.tr\/wp-content\/uploads\/2020\/06\/API-Construction-Photo-Medium-300x200.jpg 300w, https:\/\/apigroup.com.tr\/wp-content\/uploads\/2020\/06\/API-Construction-Photo-Medium-1024x683.jpg 1024w, https:\/\/apigroup.com.tr\/wp-content\/uploads\/2020\/06\/API-Construction-Photo-Medium-768x512.jpg 768w, https:\/\/apigroup.com.tr\/wp-content\/uploads\/2020\/06\/API-Construction-Photo-Medium-900x600.jpg 900w\" sizes=\"auto, (max-width: 1152px) 100vw, 1152px\" \/>\n          <\/div>\n        <\/div>\n      <\/div>\n    <\/div>\n\t\t<\/div> \n\t<\/div>\n\t<\/div> \n<\/div><\/div>\n\t\t\t<\/div> \n\t\t<\/div>\n\t<\/div> \n<\/div><\/div>","protected":false},"excerpt":{"rendered":"Global Vision With Local Knowledge Founded in 2007, API Group T\u00fcrkiye has maintained steady growth and has become one of the most trusted and reputable companies in T\u00fcrkiye\u2019s construction and...","protected":false},"author":1,"featured_media":0,"parent":0,"menu_order":0,"comment_status":"closed","ping_status":"closed","template":"","meta":{"footnotes":""},"class_list":["post-5","page","type-page","status-publish"],"yoast_head":"<!-- This site is optimized with the Yoast SEO plugin v25.7 - https:\/\/yoast.com\/wordpress\/plugins\/seo\/ -->\n<title>API Group : Global Vision with Local Knowledge<\/title>\n<meta name=\"description\" content=\"API Group has pioneered many initiatives in the area of real estate investment, and it continues to innovate new products that serve the people, the planet, and the prosperity of the communities where it operates.\" \/>\n<meta name=\"robots\" content=\"index, follow, max-snippet:-1, max-image-preview:large, max-video-preview:-1\" \/>\n<link rel=\"canonical\" href=\"https:\/\/apigroup.com.tr\/tr\/\" \/>\n<meta property=\"og:locale\" content=\"tr_TR\" \/>\n<meta property=\"og:type\" content=\"article\" \/>\n<meta property=\"og:title\" content=\"API Group : Global Vision with Local Knowledge\" \/>\n<meta property=\"og:description\" content=\"API Group has pioneered many initiatives in the area of real estate investment, and it continues to innovate new products that serve the people, the planet, and the prosperity of the communities where it operates.\" \/>\n<meta property=\"og:url\" content=\"https:\/\/apigroup.com.tr\/tr\/\" \/>\n<meta property=\"og:site_name\" content=\"API GROUP\" \/>\n<meta property=\"article:modified_time\" content=\"2025-03-14T16:17:32+00:00\" \/>\n<meta name=\"twitter:card\" content=\"summary_large_image\" \/>\n<meta name=\"twitter:label1\" content=\"Tahmini okuma s\u00fcresi\" \/>\n\t<meta name=\"twitter:data1\" content=\"7 dakika\" \/>\n<script type=\"application\/ld+json\" class=\"yoast-schema-graph\">{\"@context\":\"https:\/\/schema.org\",\"@graph\":[{\"@type\":\"WebPage\",\"@id\":\"https:\/\/apigroup.com.tr\/\",\"url\":\"https:\/\/apigroup.com.tr\/\",\"name\":\"API Group : Global Vision with Local Knowledge\",\"isPartOf\":{\"@id\":\"https:\/\/apigroup.com.tr\/#website\"},\"datePublished\":\"2019-09-09T19:32:18+00:00\",\"dateModified\":\"2025-03-14T16:17:32+00:00\",\"description\":\"API Group has pioneered many initiatives in the area of real estate investment, and it continues to innovate new products that serve the people, the planet, and the prosperity of the communities where it operates.\",\"breadcrumb\":{\"@id\":\"https:\/\/apigroup.com.tr\/#breadcrumb\"},\"inLanguage\":\"tr\",\"potentialAction\":[{\"@type\":\"ReadAction\",\"target\":[\"https:\/\/apigroup.com.tr\/\"]}]},{\"@type\":\"BreadcrumbList\",\"@id\":\"https:\/\/apigroup.com.tr\/#breadcrumb\",\"itemListElement\":[{\"@type\":\"ListItem\",\"position\":1,\"name\":\"Home\",\"item\":\"https:\/\/apigroup.com.tr\/\"},{\"@type\":\"ListItem\",\"position\":2,\"name\":\"Main Page\"}]},{\"@type\":\"WebSite\",\"@id\":\"https:\/\/apigroup.com.tr\/#website\",\"url\":\"https:\/\/apigroup.com.tr\/\",\"name\":\"API GROUP\",\"description\":\"Global Vision With Local Knowledge\",\"potentialAction\":[{\"@type\":\"SearchAction\",\"target\":{\"@type\":\"EntryPoint\",\"urlTemplate\":\"https:\/\/apigroup.com.tr\/?s={search_term_string}\"},\"query-input\":{\"@type\":\"PropertyValueSpecification\",\"valueRequired\":true,\"valueName\":\"search_term_string\"}}],\"inLanguage\":\"tr\"}]}<\/script>\n<!-- \/ Yoast SEO plugin. -->","yoast_head_json":{"title":"API Group : Global Vision with Local Knowledge","description":"API Group has pioneered many initiatives in the area of real estate investment, and it continues to innovate new products that serve the people, the planet, and the prosperity of the communities where it operates.","robots":{"index":"index","follow":"follow","max-snippet":"max-snippet:-1","max-image-preview":"max-image-preview:large","max-video-preview":"max-video-preview:-1"},"canonical":"https:\/\/apigroup.com.tr\/tr\/","og_locale":"tr_TR","og_type":"article","og_title":"API Group : Global Vision with Local Knowledge","og_description":"API Group has pioneered many initiatives in the area of real estate investment, and it continues to innovate new products that serve the people, the planet, and the prosperity of the communities where it operates.","og_url":"https:\/\/apigroup.com.tr\/tr\/","og_site_name":"API GROUP","article_modified_time":"2025-03-14T16:17:32+00:00","twitter_card":"summary_large_image","twitter_misc":{"Tahmini okuma s\u00fcresi":"7 dakika"},"schema":{"@context":"https:\/\/schema.org","@graph":[{"@type":"WebPage","@id":"https:\/\/apigroup.com.tr\/","url":"https:\/\/apigroup.com.tr\/","name":"API Group : Global Vision with Local Knowledge","isPartOf":{"@id":"https:\/\/apigroup.com.tr\/#website"},"datePublished":"2019-09-09T19:32:18+00:00","dateModified":"2025-03-14T16:17:32+00:00","description":"API Group has pioneered many initiatives in the area of real estate investment, and it continues to innovate new products that serve the people, the planet, and the prosperity of the communities where it operates.","breadcrumb":{"@id":"https:\/\/apigroup.com.tr\/#breadcrumb"},"inLanguage":"tr","potentialAction":[{"@type":"ReadAction","target":["https:\/\/apigroup.com.tr\/"]}]},{"@type":"BreadcrumbList","@id":"https:\/\/apigroup.com.tr\/#breadcrumb","itemListElement":[{"@type":"ListItem","position":1,"name":"Home","item":"https:\/\/apigroup.com.tr\/"},{"@type":"ListItem","position":2,"name":"Main Page"}]},{"@type":"WebSite","@id":"https:\/\/apigroup.com.tr\/#website","url":"https:\/\/apigroup.com.tr\/","name":"API GROUP","description":"K\u00fcresel Vizyon, Yerel Bilgi","potentialAction":[{"@type":"SearchAction","target":{"@type":"EntryPoint","urlTemplate":"https:\/\/apigroup.com.tr\/?s={search_term_string}"},"query-input":{"@type":"PropertyValueSpecification","valueRequired":true,"valueName":"search_term_string"}}],"inLanguage":"tr"}]}},"_links":{"self":[{"href":"https:\/\/apigroup.com.tr\/tr\/wp-json\/wp\/v2\/pages\/5","targetHints":{"allow":["GET"]}}],"collection":[{"href":"https:\/\/apigroup.com.tr\/tr\/wp-json\/wp\/v2\/pages"}],"about":[{"href":"https:\/\/apigroup.com.tr\/tr\/wp-json\/wp\/v2\/types\/page"}],"author":[{"embeddable":true,"href":"https:\/\/apigroup.com.tr\/tr\/wp-json\/wp\/v2\/users\/1"}],"replies":[{"embeddable":true,"href":"https:\/\/apigroup.com.tr\/tr\/wp-json\/wp\/v2\/comments?post=5"}],"version-history":[{"count":0,"href":"https:\/\/apigroup.com.tr\/tr\/wp-json\/wp\/v2\/pages\/5\/revisions"}],"wp:attachment":[{"href":"https:\/\/apigroup.com.tr\/tr\/wp-json\/wp\/v2\/media?parent=5"}],"curies":[{"name":"wp","href":"https:\/\/api.w.org\/{rel}","templated":true}]}}